{"id":1261,"date":"2024-04-18T03:49:19","date_gmt":"2024-04-18T01:49:19","guid":{"rendered":"https:\/\/biohelper.dibujatumundo.com\/?page_id=1261"},"modified":"2024-04-18T05:04:47","modified_gmt":"2024-04-18T03:04:47","slug":"daily-game-2-c","status":"publish","type":"page","link":"https:\/\/biohelper.dibujatumundo.com\/index.php\/daily-game-2-c\/","title":{"rendered":"Daily Game &#8211; 2 C"},"content":{"rendered":"\t\t<div data-elementor-type=\"wp-page\" data-elementor-id=\"1261\" class=\"elementor elementor-1261\">\n\t\t\t\t<div class=\"elementor-element elementor-element-42aeb12b elementor-hidden-desktop elementor-hidden-tablet e-flex e-con-boxed wpr-particle-no wpr-jarallax-no wpr-parallax-no wpr-sticky-section-no e-con e-parent\" data-id=\"42aeb12b\" data-element_type=\"container\">\n\t\t\t\t\t<div class=\"e-con-inner\">\n\t\t\t\t<div class=\"elementor-element elementor-element-58446f5a elementor-widget elementor-widget-image\" data-id=\"58446f5a\" data-element_type=\"widget\" data-widget_type=\"image.default\">\n\t\t\t\t<div class=\"elementor-widget-container\">\n\t\t\t<style>\/*! elementor - v3.21.0 - 15-04-2024 *\/\n.elementor-widget-image{text-align:center}.elementor-widget-image a{display:inline-block}.elementor-widget-image a img[src$=\".svg\"]{width:48px}.elementor-widget-image img{vertical-align:middle;display:inline-block}<\/style>\t\t\t\t\t\t\t\t\t\t<img fetchpriority=\"high\" decoding=\"async\" width=\"2917\" height=\"1667\" src=\"https:\/\/biohelper.dibujatumundo.com\/wp-content\/uploads\/2023\/10\/Biohelper_Logo-01.png\" class=\"attachment-full size-full wp-image-54\" alt=\"\" srcset=\"https:\/\/biohelper.dibujatumundo.com\/wp-content\/uploads\/2023\/10\/Biohelper_Logo-01.png 2917w, https:\/\/biohelper.dibujatumundo.com\/wp-content\/uploads\/2023\/10\/Biohelper_Logo-01-300x171.png 300w, https:\/\/biohelper.dibujatumundo.com\/wp-content\/uploads\/2023\/10\/Biohelper_Logo-01-1024x585.png 1024w, https:\/\/biohelper.dibujatumundo.com\/wp-content\/uploads\/2023\/10\/Biohelper_Logo-01-768x439.png 768w, https:\/\/biohelper.dibujatumundo.com\/wp-content\/uploads\/2023\/10\/Biohelper_Logo-01-1536x878.png 1536w, https:\/\/biohelper.dibujatumundo.com\/wp-content\/uploads\/2023\/10\/Biohelper_Logo-01-2048x1170.png 2048w\" sizes=\"(max-width: 2917px) 100vw, 2917px\" \/>\t\t\t\t\t\t\t\t\t\t\t\t\t<\/div>\n\t\t\t\t<\/div>\n\t\t\t\t<div class=\"elementor-element elementor-element-2da90a64 elementor-widget elementor-widget-heading\" data-id=\"2da90a64\" data-element_type=\"widget\" data-widget_type=\"heading.default\">\n\t\t\t\t<div class=\"elementor-widget-container\">\n\t\t\t<style>\/*! elementor - v3.21.0 - 15-04-2024 *\/\n.elementor-heading-title{padding:0;margin:0;line-height:1}.elementor-widget-heading .elementor-heading-title[class*=elementor-size-]>a{color:inherit;font-size:inherit;line-height:inherit}.elementor-widget-heading .elementor-heading-title.elementor-size-small{font-size:15px}.elementor-widget-heading .elementor-heading-title.elementor-size-medium{font-size:19px}.elementor-widget-heading .elementor-heading-title.elementor-size-large{font-size:29px}.elementor-widget-heading .elementor-heading-title.elementor-size-xl{font-size:39px}.elementor-widget-heading .elementor-heading-title.elementor-size-xxl{font-size:59px}<\/style><h2 class=\"elementor-heading-title elementor-size-default\">\u00a1Muy bien!<\/h2>\t\t<\/div>\n\t\t\t\t<\/div>\n\t\t\t\t<div class=\"elementor-element elementor-element-4b3bdb93 elementor-widget elementor-widget-heading\" data-id=\"4b3bdb93\" data-element_type=\"widget\" data-widget_type=\"heading.default\">\n\t\t\t\t<div class=\"elementor-widget-container\">\n\t\t\t<h2 class=\"elementor-heading-title elementor-size-default\">\u00bfEn qu\u00e9 puede ayudarte DailyLact MIND?<\/h2>\t\t<\/div>\n\t\t\t\t<\/div>\n\t\t\t\t<div class=\"elementor-element elementor-element-1bc396f elementor-widget elementor-widget-image\" data-id=\"1bc396f\" data-element_type=\"widget\" data-widget_type=\"image.default\">\n\t\t\t\t<div class=\"elementor-widget-container\">\n\t\t\t\t\t\t\t\t\t\t\t\t\t<img decoding=\"async\" width=\"600\" height=\"600\" src=\"https:\/\/biohelper.dibujatumundo.com\/wp-content\/uploads\/2024\/04\/4.png\" class=\"attachment-large size-large wp-image-1108\" alt=\"\" srcset=\"https:\/\/biohelper.dibujatumundo.com\/wp-content\/uploads\/2024\/04\/4.png 600w, https:\/\/biohelper.dibujatumundo.com\/wp-content\/uploads\/2024\/04\/4-300x300.png 300w, https:\/\/biohelper.dibujatumundo.com\/wp-content\/uploads\/2024\/04\/4-150x150.png 150w\" sizes=\"(max-width: 600px) 100vw, 600px\" \/>\t\t\t\t\t\t\t\t\t\t\t\t\t<\/div>\n\t\t\t\t<\/div>\n\t\t\t\t\t<\/div>\n\t\t\t\t<\/div>\n\t\t<div class=\"elementor-element elementor-element-4ae0302 e-flex e-con-boxed wpr-particle-no wpr-jarallax-no wpr-parallax-no wpr-sticky-section-no e-con e-parent\" data-id=\"4ae0302\" data-element_type=\"container\">\n\t\t\t\t\t<div class=\"e-con-inner\">\n\t\t<div class=\"elementor-element elementor-element-db4cb68 e-flex e-con-boxed wpr-particle-no wpr-jarallax-no wpr-parallax-no wpr-sticky-section-no e-con e-child\" data-id=\"db4cb68\" data-element_type=\"container\">\n\t\t\t\t\t<div class=\"e-con-inner\">\n\t\t<div class=\"elementor-element elementor-element-ca1678b e-flex e-con-boxed wpr-particle-no wpr-jarallax-no wpr-parallax-no wpr-sticky-section-no e-con e-child\" data-id=\"ca1678b\" data-element_type=\"container\">\n\t\t\t\t\t<div class=\"e-con-inner\">\n\t\t\t\t<div class=\"elementor-element elementor-element-28c7207 elementor-align-center elementor-widget elementor-widget-button\" data-id=\"28c7207\" data-element_type=\"widget\" data-widget_type=\"button.default\">\n\t\t\t\t<div class=\"elementor-widget-container\">\n\t\t\t\t\t<div class=\"elementor-button-wrapper\">\n\t\t\t<a class=\"elementor-button elementor-button-link elementor-size-sm\" href=\"https:\/\/biohelper.dibujatumundo.com\/index.php\/daily-game-3-e\/\">\n\t\t\t\t\t\t<span class=\"elementor-button-content-wrapper\">\n\t\t\t\t\t\t\t\t\t<span class=\"elementor-button-text\">Depresi\u00f3n<\/span>\n\t\t\t\t\t<\/span>\n\t\t\t\t\t<\/a>\n\t\t<\/div>\n\t\t\t\t<\/div>\n\t\t\t\t<\/div>\n\t\t\t\t<div class=\"elementor-element elementor-element-fa43743 elementor-align-center elementor-widget elementor-widget-button\" data-id=\"fa43743\" data-element_type=\"widget\" data-widget_type=\"button.default\">\n\t\t\t\t<div class=\"elementor-widget-container\">\n\t\t\t\t\t<div class=\"elementor-button-wrapper\">\n\t\t\t<a class=\"elementor-button elementor-button-link elementor-size-sm\" href=\"https:\/\/biohelper.dibujatumundo.com\/index.php\/daily-game-3-e\/\">\n\t\t\t\t\t\t<span class=\"elementor-button-content-wrapper\">\n\t\t\t\t\t\t\t\t\t<span class=\"elementor-button-text\">Estr\u00e9s<\/span>\n\t\t\t\t\t<\/span>\n\t\t\t\t\t<\/a>\n\t\t<\/div>\n\t\t\t\t<\/div>\n\t\t\t\t<\/div>\n\t\t\t\t<div class=\"elementor-element elementor-element-79dce75 elementor-align-center elementor-widget elementor-widget-button\" data-id=\"79dce75\" data-element_type=\"widget\" data-widget_type=\"button.default\">\n\t\t\t\t<div class=\"elementor-widget-container\">\n\t\t\t\t\t<div class=\"elementor-button-wrapper\">\n\t\t\t<a class=\"elementor-button elementor-button-link elementor-size-sm\" href=\"https:\/\/biohelper.dibujatumundo.com\/index.php\/daily-game-3-e\/\">\n\t\t\t\t\t\t<span class=\"elementor-button-content-wrapper\">\n\t\t\t\t\t\t\t\t\t<span class=\"elementor-button-text\">Memoria<\/span>\n\t\t\t\t\t<\/span>\n\t\t\t\t\t<\/a>\n\t\t<\/div>\n\t\t\t\t<\/div>\n\t\t\t\t<\/div>\n\t\t\t\t<div class=\"elementor-element elementor-element-936b242 elementor-align-center elementor-widget elementor-widget-button\" data-id=\"936b242\" data-element_type=\"widget\" data-widget_type=\"button.default\">\n\t\t\t\t<div class=\"elementor-widget-container\">\n\t\t\t\t\t<div class=\"elementor-button-wrapper\">\n\t\t\t<a class=\"elementor-button elementor-button-link elementor-size-sm\" href=\"https:\/\/biohelper.dibujatumundo.com\/index.php\/daily-game-3-e\/\">\n\t\t\t\t\t\t<span class=\"elementor-button-content-wrapper\">\n\t\t\t\t\t\t\t\t\t<span class=\"elementor-button-text\">Cognici\u00f3n<\/span>\n\t\t\t\t\t<\/span>\n\t\t\t\t\t<\/a>\n\t\t<\/div>\n\t\t\t\t<\/div>\n\t\t\t\t<\/div>\n\t\t\t\t<div class=\"elementor-element elementor-element-d8567c6 elementor-align-center elementor-widget elementor-widget-button\" data-id=\"d8567c6\" data-element_type=\"widget\" data-widget_type=\"button.default\">\n\t\t\t\t<div class=\"elementor-widget-container\">\n\t\t\t\t\t<div class=\"elementor-button-wrapper\">\n\t\t\t<a class=\"elementor-button elementor-button-link elementor-size-sm\" href=\"https:\/\/biohelper.dibujatumundo.com\/index.php\/daily-game-3-c\/\">\n\t\t\t\t\t\t<span class=\"elementor-button-content-wrapper\">\n\t\t\t\t\t\t\t\t\t<span class=\"elementor-button-text\">Todas son correctas<\/span>\n\t\t\t\t\t<\/span>\n\t\t\t\t\t<\/a>\n\t\t<\/div>\n\t\t\t\t<\/div>\n\t\t\t\t<\/div>\n\t\t\t\t<div class=\"elementor-element elementor-element-0657910 elementor-widget elementor-widget-image\" data-id=\"0657910\" data-element_type=\"widget\" data-widget_type=\"image.default\">\n\t\t\t\t<div class=\"elementor-widget-container\">\n\t\t\t\t\t\t\t\t\t\t\t\t\t<img decoding=\"async\" width=\"468\" height=\"480\" src=\"https:\/\/biohelper.dibujatumundo.com\/wp-content\/uploads\/2023\/10\/Hoja-Bio.png\" class=\"attachment-large size-large wp-image-29\" alt=\"\" srcset=\"https:\/\/biohelper.dibujatumundo.com\/wp-content\/uploads\/2023\/10\/Hoja-Bio.png 468w, https:\/\/biohelper.dibujatumundo.com\/wp-content\/uploads\/2023\/10\/Hoja-Bio-293x300.png 293w\" sizes=\"(max-width: 468px) 100vw, 468px\" \/>\t\t\t\t\t\t\t\t\t\t\t\t\t<\/div>\n\t\t\t\t<\/div>\n\t\t\t\t\t<\/div>\n\t\t\t\t<\/div>\n\t\t\t\t\t<\/div>\n\t\t\t\t<\/div>\n\t\t\t\t\t<\/div>\n\t\t\t\t<\/div>\n\t\t\t\t<\/div>\n\t\t","protected":false},"excerpt":{"rendered":"<p>\u00a1Muy bien! \u00bfEn qu\u00e9 puede ayudarte DailyLact MIND? Depresi\u00f3n Estr\u00e9s Memoria Cognici\u00f3n Todas son correctas<\/p>\n","protected":false},"author":1,"featured_media":0,"parent":0,"menu_order":0,"comment_status":"closed","ping_status":"closed","template":"elementor_canvas","meta":{"footnotes":""},"_links":{"self":[{"href":"https:\/\/biohelper.dibujatumundo.com\/index.php\/wp-json\/wp\/v2\/pages\/1261"}],"collection":[{"href":"https:\/\/biohelper.dibujatumundo.com\/index.php\/wp-json\/wp\/v2\/pages"}],"about":[{"href":"https:\/\/biohelper.dibujatumundo.com\/index.php\/wp-json\/wp\/v2\/types\/page"}],"author":[{"embeddable":true,"href":"https:\/\/biohelper.dibujatumundo.com\/index.php\/wp-json\/wp\/v2\/users\/1"}],"replies":[{"embeddable":true,"href":"https:\/\/biohelper.dibujatumundo.com\/index.php\/wp-json\/wp\/v2\/comments?post=1261"}],"version-history":[{"count":43,"href":"https:\/\/biohelper.dibujatumundo.com\/index.php\/wp-json\/wp\/v2\/pages\/1261\/revisions"}],"predecessor-version":[{"id":1395,"href":"https:\/\/biohelper.dibujatumundo.com\/index.php\/wp-json\/wp\/v2\/pages\/1261\/revisions\/1395"}],"wp:attachment":[{"href":"https:\/\/biohelper.dibujatumundo.com\/index.php\/wp-json\/wp\/v2\/media?parent=1261"}],"curies":[{"name":"wp","href":"https:\/\/api.w.org\/{rel}","templated":true}]}}