{"id":253,"date":"2023-10-24T23:07:27","date_gmt":"2023-10-24T21:07:27","guid":{"rendered":"https:\/\/biohelper.dibujatumundo.com\/?page_id=253"},"modified":"2023-11-03T03:22:28","modified_gmt":"2023-11-03T02:22:28","slug":"resultado-positivo","status":"publish","type":"page","link":"https:\/\/biohelper.dibujatumundo.com\/index.php\/resultado-positivo\/","title":{"rendered":"Resultado positivo"},"content":{"rendered":"\t\t<div data-elementor-type=\"wp-page\" data-elementor-id=\"253\" class=\"elementor elementor-253\">\n\t\t\t\t<div class=\"elementor-element elementor-element-5d751184 e-flex e-con-boxed wpr-particle-no wpr-jarallax-no wpr-parallax-no wpr-sticky-section-no e-con e-parent\" data-id=\"5d751184\" data-element_type=\"container\" data-settings=\"{&quot;background_background&quot;:&quot;classic&quot;}\">\n\t\t\t\t\t<div class=\"e-con-inner\">\n\t\t\t\t<div class=\"elementor-element elementor-element-63c25f9e elementor-widget elementor-widget-image\" data-id=\"63c25f9e\" data-element_type=\"widget\" data-widget_type=\"image.default\">\n\t\t\t\t<div class=\"elementor-widget-container\">\n\t\t\t<style>\/*! elementor - v3.21.0 - 15-04-2024 *\/\n.elementor-widget-image{text-align:center}.elementor-widget-image a{display:inline-block}.elementor-widget-image a img[src$=\".svg\"]{width:48px}.elementor-widget-image img{vertical-align:middle;display:inline-block}<\/style>\t\t\t\t\t\t\t\t\t\t<img fetchpriority=\"high\" decoding=\"async\" width=\"2917\" height=\"1667\" src=\"https:\/\/biohelper.dibujatumundo.com\/wp-content\/uploads\/2023\/10\/Biohelper_Logo-01.png\" class=\"attachment-full size-full wp-image-54\" alt=\"\" srcset=\"https:\/\/biohelper.dibujatumundo.com\/wp-content\/uploads\/2023\/10\/Biohelper_Logo-01.png 2917w, https:\/\/biohelper.dibujatumundo.com\/wp-content\/uploads\/2023\/10\/Biohelper_Logo-01-300x171.png 300w, https:\/\/biohelper.dibujatumundo.com\/wp-content\/uploads\/2023\/10\/Biohelper_Logo-01-1024x585.png 1024w, https:\/\/biohelper.dibujatumundo.com\/wp-content\/uploads\/2023\/10\/Biohelper_Logo-01-768x439.png 768w, https:\/\/biohelper.dibujatumundo.com\/wp-content\/uploads\/2023\/10\/Biohelper_Logo-01-1536x878.png 1536w, https:\/\/biohelper.dibujatumundo.com\/wp-content\/uploads\/2023\/10\/Biohelper_Logo-01-2048x1170.png 2048w\" sizes=\"(max-width: 2917px) 100vw, 2917px\" \/>\t\t\t\t\t\t\t\t\t\t\t\t\t<\/div>\n\t\t\t\t<\/div>\n\t\t\t\t<div class=\"elementor-element elementor-element-32caa0c elementor-widget elementor-widget-image\" data-id=\"32caa0c\" data-element_type=\"widget\" data-widget_type=\"image.default\">\n\t\t\t\t<div class=\"elementor-widget-container\">\n\t\t\t\t\t\t\t\t\t\t\t\t\t<img decoding=\"async\" width=\"832\" height=\"752\" src=\"https:\/\/biohelper.dibujatumundo.com\/wp-content\/uploads\/2023\/10\/UFC.png\" class=\"attachment-large size-large wp-image-260\" alt=\"\" srcset=\"https:\/\/biohelper.dibujatumundo.com\/wp-content\/uploads\/2023\/10\/UFC.png 832w, https:\/\/biohelper.dibujatumundo.com\/wp-content\/uploads\/2023\/10\/UFC-300x271.png 300w, https:\/\/biohelper.dibujatumundo.com\/wp-content\/uploads\/2023\/10\/UFC-768x694.png 768w\" sizes=\"(max-width: 832px) 100vw, 832px\" \/>\t\t\t\t\t\t\t\t\t\t\t\t\t<\/div>\n\t\t\t\t<\/div>\n\t\t\t\t<div class=\"elementor-element elementor-element-d51ec50 elementor-widget elementor-widget-heading\" data-id=\"d51ec50\" data-element_type=\"widget\" data-widget_type=\"heading.default\">\n\t\t\t\t<div class=\"elementor-widget-container\">\n\t\t\t<style>\/*! elementor - v3.21.0 - 15-04-2024 *\/\n.elementor-heading-title{padding:0;margin:0;line-height:1}.elementor-widget-heading .elementor-heading-title[class*=elementor-size-]>a{color:inherit;font-size:inherit;line-height:inherit}.elementor-widget-heading .elementor-heading-title.elementor-size-small{font-size:15px}.elementor-widget-heading .elementor-heading-title.elementor-size-medium{font-size:19px}.elementor-widget-heading .elementor-heading-title.elementor-size-large{font-size:29px}.elementor-widget-heading .elementor-heading-title.elementor-size-xl{font-size:39px}.elementor-widget-heading .elementor-heading-title.elementor-size-xxl{font-size:59px}<\/style><h2 class=\"elementor-heading-title elementor-size-default\">Diagn\u00f3stico espec\u00edfico de <br>otras condiciones o en <br>conjunto con SCI.<\/h2>\t\t<\/div>\n\t\t\t\t<\/div>\n\t\t\t\t<div class=\"elementor-element elementor-element-5b929a6 elementor-align-center elementor-widget elementor-widget-button\" data-id=\"5b929a6\" data-element_type=\"widget\" data-widget_type=\"button.default\">\n\t\t\t\t<div class=\"elementor-widget-container\">\n\t\t\t\t\t<div class=\"elementor-button-wrapper\">\n\t\t\t<a class=\"elementor-button elementor-button-link elementor-size-sm\" href=\"https:\/\/biohelper.dibujatumundo.com\/index.php\/ibs\/\">\n\t\t\t\t\t\t<span class=\"elementor-button-content-wrapper\">\n\t\t\t\t\t\t<span class=\"elementor-button-icon elementor-align-icon-right\">\n\t\t\t\t<i aria-hidden=\"true\" class=\"far fa-arrow-alt-circle-right\"><\/i>\t\t\t<\/span>\n\t\t\t\t\t\t\t\t\t<span class=\"elementor-button-text\">Conoc\u00e9 Dailylact ibs<\/span>\n\t\t\t\t\t<\/span>\n\t\t\t\t\t<\/a>\n\t\t<\/div>\n\t\t\t\t<\/div>\n\t\t\t\t<\/div>\n\t\t\t\t<div class=\"elementor-element elementor-element-16debd2 elementor-align-center elementor-widget elementor-widget-button\" data-id=\"16debd2\" data-element_type=\"widget\" data-widget_type=\"button.default\">\n\t\t\t\t<div class=\"elementor-widget-container\">\n\t\t\t\t\t<div class=\"elementor-button-wrapper\">\n\t\t\t<a class=\"elementor-button elementor-button-link elementor-size-sm\" href=\"https:\/\/biohelper.dibujatumundo.com\/index.php\/5-si\/\">\n\t\t\t\t\t\t<span class=\"elementor-button-content-wrapper\">\n\t\t\t\t\t\t<span class=\"elementor-button-icon elementor-align-icon-left\">\n\t\t\t\t<i aria-hidden=\"true\" class=\"fas fa-arrow-circle-left\"><\/i>\t\t\t<\/span>\n\t\t\t\t\t\t\t\t\t<span class=\"elementor-button-text\">volver<\/span>\n\t\t\t\t\t<\/span>\n\t\t\t\t\t<\/a>\n\t\t<\/div>\n\t\t\t\t<\/div>\n\t\t\t\t<\/div>\n\t\t\t\t\t<\/div>\n\t\t\t\t<\/div>\n\t\t\t\t<\/div>\n\t\t","protected":false},"excerpt":{"rendered":"<p>Diagn\u00f3stico espec\u00edfico de otras condiciones o en conjunto con SCI. Conoc\u00e9 Dailylact ibs volver<\/p>\n","protected":false},"author":1,"featured_media":0,"parent":0,"menu_order":0,"comment_status":"closed","ping_status":"closed","template":"elementor_canvas","meta":{"footnotes":""},"_links":{"self":[{"href":"https:\/\/biohelper.dibujatumundo.com\/index.php\/wp-json\/wp\/v2\/pages\/253"}],"collection":[{"href":"https:\/\/biohelper.dibujatumundo.com\/index.php\/wp-json\/wp\/v2\/pages"}],"about":[{"href":"https:\/\/biohelper.dibujatumundo.com\/index.php\/wp-json\/wp\/v2\/types\/page"}],"author":[{"embeddable":true,"href":"https:\/\/biohelper.dibujatumundo.com\/index.php\/wp-json\/wp\/v2\/users\/1"}],"replies":[{"embeddable":true,"href":"https:\/\/biohelper.dibujatumundo.com\/index.php\/wp-json\/wp\/v2\/comments?post=253"}],"version-history":[{"count":58,"href":"https:\/\/biohelper.dibujatumundo.com\/index.php\/wp-json\/wp\/v2\/pages\/253\/revisions"}],"predecessor-version":[{"id":999,"href":"https:\/\/biohelper.dibujatumundo.com\/index.php\/wp-json\/wp\/v2\/pages\/253\/revisions\/999"}],"wp:attachment":[{"href":"https:\/\/biohelper.dibujatumundo.com\/index.php\/wp-json\/wp\/v2\/media?parent=253"}],"curies":[{"name":"wp","href":"https:\/\/api.w.org\/{rel}","templated":true}]}}